{"id":12989,"date":"2016-11-07T19:27:00","date_gmt":"2017-01-02T20:38:57","guid":{"rendered":"https:\/\/wpressor.nl\/?post_type=product&#038;p=12989"},"modified":"2017-01-02T21:41:30","modified_gmt":"2017-01-02T20:41:30","slug":"automatische-aftikker","status":"publish","type":"product","link":"https:\/\/boiliedesign.com\/fr\/produit\/automatische-aftikker\/","title":{"rendered":"Cutteur automatique 500mm"},"content":{"rendered":"","protected":false},"excerpt":{"rendered":"<p>En option pour toutes les mod\u00e8les de machines \u00e0 bouillettes nous vous proposons ce cutteur automatique facile \u00e0 installer avec deux \u00e9crous ou un morceau de scotch double-face.<\/p>\n<p>&nbsp;<\/p>\n<p>En compl\u00e9tant votre machine avec ce cutteur automatique vous gagnerez beaucoup de temps !<\/p>\n","protected":false},"featured_media":12721,"template":"","meta":[],"product_brand":[],"product_cat":[119],"product_tag":[],"class_list":{"0":"post-12989","1":"product","2":"type-product","3":"status-publish","4":"has-post-thumbnail","6":"product_cat-autres-fr","7":"product_shipping_class-products-fr","8":"tm-no-options","10":"first","11":"instock","12":"taxable","13":"shipping-taxable","14":"purchasable","15":"product-type-simple"},"_links":{"self":[{"href":"https:\/\/boiliedesign.com\/fr\/wp-json\/wp\/v2\/product\/12989","targetHints":{"allow":["GET"]}}],"collection":[{"href":"https:\/\/boiliedesign.com\/fr\/wp-json\/wp\/v2\/product"}],"about":[{"href":"https:\/\/boiliedesign.com\/fr\/wp-json\/wp\/v2\/types\/product"}],"wp:featuredmedia":[{"embeddable":true,"href":"https:\/\/boiliedesign.com\/fr\/wp-json\/wp\/v2\/media\/12721"}],"wp:attachment":[{"href":"https:\/\/boiliedesign.com\/fr\/wp-json\/wp\/v2\/media?parent=12989"}],"wp:term":[{"taxonomy":"product_brand","embeddable":true,"href":"https:\/\/boiliedesign.com\/fr\/wp-json\/wp\/v2\/product_brand?post=12989"},{"taxonomy":"product_cat","embeddable":true,"href":"https:\/\/boiliedesign.com\/fr\/wp-json\/wp\/v2\/product_cat?post=12989"},{"taxonomy":"product_tag","embeddable":true,"href":"https:\/\/boiliedesign.com\/fr\/wp-json\/wp\/v2\/product_tag?post=12989"}],"curies":[{"name":"wp","href":"https:\/\/api.w.org\/{rel}","templated":true}]}}