{"id":12926,"date":"2016-11-08T09:57:23","date_gmt":"2016-11-08T08:57:23","guid":{"rendered":"http:\/\/boiliedesign.com\/product\/massicot-automatique-300mm\/"},"modified":"2017-01-02T21:31:10","modified_gmt":"2017-01-02T20:31:10","slug":"massicot-automatique-300mm","status":"publish","type":"product","link":"https:\/\/boiliedesign.com\/fr\/produit\/massicot-automatique-300mm\/","title":{"rendered":"Cutteur automatique 300mm"},"content":{"rendered":"","protected":false},"excerpt":{"rendered":"<p>En option pour toutes les mod\u00e8les de machines \u00e0 bouillettes nous vous proposons ce cutteur automatique facile \u00e0 installer avec deux \u00e9crous ou un morceau de scotch double-face.<\/p>\n<p>&nbsp;<\/p>\n<p>En compl\u00e9tant votre machine avec ce cutteur automatique vous gagnerez beaucoup de temps\u00a0!<\/p>\n","protected":false},"featured_media":12740,"template":"","meta":[],"product_brand":[],"product_cat":[119,115],"product_tag":[],"class_list":{"0":"post-12926","1":"product","2":"type-product","3":"status-publish","4":"has-post-thumbnail","6":"product_cat-autres-fr","7":"product_cat-machines-a-bouillettes","8":"product_shipping_class-products-fr","9":"tm-has-options","11":"first","12":"instock","13":"taxable","14":"shipping-taxable","15":"purchasable","16":"product-type-simple"},"_links":{"self":[{"href":"https:\/\/boiliedesign.com\/fr\/wp-json\/wp\/v2\/product\/12926","targetHints":{"allow":["GET"]}}],"collection":[{"href":"https:\/\/boiliedesign.com\/fr\/wp-json\/wp\/v2\/product"}],"about":[{"href":"https:\/\/boiliedesign.com\/fr\/wp-json\/wp\/v2\/types\/product"}],"wp:featuredmedia":[{"embeddable":true,"href":"https:\/\/boiliedesign.com\/fr\/wp-json\/wp\/v2\/media\/12740"}],"wp:attachment":[{"href":"https:\/\/boiliedesign.com\/fr\/wp-json\/wp\/v2\/media?parent=12926"}],"wp:term":[{"taxonomy":"product_brand","embeddable":true,"href":"https:\/\/boiliedesign.com\/fr\/wp-json\/wp\/v2\/product_brand?post=12926"},{"taxonomy":"product_cat","embeddable":true,"href":"https:\/\/boiliedesign.com\/fr\/wp-json\/wp\/v2\/product_cat?post=12926"},{"taxonomy":"product_tag","embeddable":true,"href":"https:\/\/boiliedesign.com\/fr\/wp-json\/wp\/v2\/product_tag?post=12926"}],"curies":[{"name":"wp","href":"https:\/\/api.w.org\/{rel}","templated":true}]}}