{"id":12902,"date":"2016-10-31T11:22:05","date_gmt":"2016-12-20T12:48:53","guid":{"rendered":"http:\/\/boiliedesign.com\/?post_type=product&#038;p=12902"},"modified":"2017-01-02T21:03:40","modified_gmt":"2017-01-02T20:03:40","slug":"spuitmondjes","status":"publish","type":"product","link":"https:\/\/boiliedesign.com\/fr\/produit\/spuitmondjes\/","title":{"rendered":"Buses pour pistolets \u00e0 bouillettes"},"content":{"rendered":"","protected":false},"excerpt":{"rendered":"<p>Buses pour pistolets \u00e0 bouillettes, faciles \u00e0 d\u00e9couper pour obtenir le bon diam\u00e8tre.<\/p>\n<p>&nbsp;<\/p>\n<p>&nbsp;<\/p>\n","protected":false},"featured_media":12689,"template":"","meta":[],"product_brand":[],"product_cat":[119,121],"product_tag":[],"class_list":{"0":"post-12902","1":"product","2":"type-product","3":"status-publish","4":"has-post-thumbnail","6":"product_cat-autres-fr","7":"product_cat-seringues-de-pate","8":"product_shipping_class-products-fr","9":"tm-no-options","11":"first","12":"instock","13":"taxable","14":"shipping-taxable","15":"purchasable","16":"product-type-simple"},"_links":{"self":[{"href":"https:\/\/boiliedesign.com\/fr\/wp-json\/wp\/v2\/product\/12902","targetHints":{"allow":["GET"]}}],"collection":[{"href":"https:\/\/boiliedesign.com\/fr\/wp-json\/wp\/v2\/product"}],"about":[{"href":"https:\/\/boiliedesign.com\/fr\/wp-json\/wp\/v2\/types\/product"}],"wp:featuredmedia":[{"embeddable":true,"href":"https:\/\/boiliedesign.com\/fr\/wp-json\/wp\/v2\/media\/12689"}],"wp:attachment":[{"href":"https:\/\/boiliedesign.com\/fr\/wp-json\/wp\/v2\/media?parent=12902"}],"wp:term":[{"taxonomy":"product_brand","embeddable":true,"href":"https:\/\/boiliedesign.com\/fr\/wp-json\/wp\/v2\/product_brand?post=12902"},{"taxonomy":"product_cat","embeddable":true,"href":"https:\/\/boiliedesign.com\/fr\/wp-json\/wp\/v2\/product_cat?post=12902"},{"taxonomy":"product_tag","embeddable":true,"href":"https:\/\/boiliedesign.com\/fr\/wp-json\/wp\/v2\/product_tag?post=12902"}],"curies":[{"name":"wp","href":"https:\/\/api.w.org\/{rel}","templated":true}]}}