{"id":12900,"date":"2016-10-31T19:05:24","date_gmt":"2016-12-20T12:32:25","guid":{"rendered":"http:\/\/boiliedesign.com\/?post_type=product&#038;p=12900"},"modified":"2017-01-02T21:02:44","modified_gmt":"2017-01-02T20:02:44","slug":"brander","status":"publish","type":"product","link":"https:\/\/boiliedesign.com\/fr\/produit\/brander\/","title":{"rendered":"R\u00e9chaud"},"content":{"rendered":"","protected":false},"excerpt":{"rendered":"<p>Un r\u00e9chaud puissant pour chauffer votre po\u00eale ou bac \u00e0 vapeur. Ce r\u00e9chaud industriel produit une flamme qui permet de garder l\u2019eau de votre bac \u00e0 vapeur en permanence en \u00e9bullition.<\/p>\n<p>Le r\u00e9chaud industriel est fourni avec un r\u00e9gulateur de pression et le tuyau.<\/p>\n<p>&nbsp;<\/p>\n<ul>\n<li>Chauffage puissant.<\/li>\n<li>S\u2019utilise partout.<\/li>\n<li>Adapt\u00e9 pour chaque type de po\u00eale et de bac.<\/li>\n<\/ul>\n<p>&nbsp;<\/p>\n","protected":false},"featured_media":12693,"template":"","meta":[],"product_brand":[],"product_cat":[119,122],"product_tag":[],"class_list":{"0":"post-12900","1":"product","2":"type-product","3":"status-publish","4":"has-post-thumbnail","6":"product_cat-autres-fr","7":"product_cat-bac-a-vapeur","8":"product_shipping_class-products-fr","9":"tm-no-options","11":"first","12":"outofstock","13":"taxable","14":"shipping-taxable","15":"purchasable","16":"product-type-simple"},"_links":{"self":[{"href":"https:\/\/boiliedesign.com\/fr\/wp-json\/wp\/v2\/product\/12900","targetHints":{"allow":["GET"]}}],"collection":[{"href":"https:\/\/boiliedesign.com\/fr\/wp-json\/wp\/v2\/product"}],"about":[{"href":"https:\/\/boiliedesign.com\/fr\/wp-json\/wp\/v2\/types\/product"}],"wp:featuredmedia":[{"embeddable":true,"href":"https:\/\/boiliedesign.com\/fr\/wp-json\/wp\/v2\/media\/12693"}],"wp:attachment":[{"href":"https:\/\/boiliedesign.com\/fr\/wp-json\/wp\/v2\/media?parent=12900"}],"wp:term":[{"taxonomy":"product_brand","embeddable":true,"href":"https:\/\/boiliedesign.com\/fr\/wp-json\/wp\/v2\/product_brand?post=12900"},{"taxonomy":"product_cat","embeddable":true,"href":"https:\/\/boiliedesign.com\/fr\/wp-json\/wp\/v2\/product_cat?post=12900"},{"taxonomy":"product_tag","embeddable":true,"href":"https:\/\/boiliedesign.com\/fr\/wp-json\/wp\/v2\/product_tag?post=12900"}],"curies":[{"name":"wp","href":"https:\/\/api.w.org\/{rel}","templated":true}]}}