{"id":12896,"date":"2015-01-13T16:47:36","date_gmt":"2016-12-20T12:20:28","guid":{"rendered":"http:\/\/boiliedesign.com\/?post_type=product&#038;p=12896"},"modified":"2021-03-16T21:59:54","modified_gmt":"2021-03-16T20:59:54","slug":"boilie-pate-seringue","status":"publish","type":"product","link":"https:\/\/boiliedesign.com\/fr\/produit\/boilie-pate-seringue\/","title":{"rendered":"Boilie p\u00e2te seringue"},"content":{"rendered":"","protected":false},"excerpt":{"rendered":"<p>L\u2019un des probl\u00e8mes dans la fabrication des bouillettes est la r\u00e9alisation des saucisses de p\u00e2te. Le march\u00e9 ne propose pas beaucoup de solutions performantes \u00e0 ceux qui font leur propres bouillettes. BoilieDesign vous propose LA solution avec ce pistolet \u00e0 p\u00e2te tr\u00e8s robuste en aluminium.<\/p>\n<p>&nbsp;<\/p>\n<p>Le pistolet produit des saucisses en poussant \u00e0 l\u2019int\u00e9rieur un piston \u00e0 l\u2019aide de pression pneumatique. Nos pistolets sont s\u00e9curis\u00e9s pour que le piston ne puisse jamais s\u2019expulser accidentellement de la buse.<\/p>\n<p>Quand le pistolet est vide vous pouvez le purger en ouvrant lentement la valve, l\u2019air comprim\u00e9 encore pr\u00e9sent s\u2019\u00e9chappe alors doucement. Si vous ne le fait pas vous ne pouvez pas ouvrir votre pistolet<\/p>\n<p><strong><em>\u00a0<\/em><\/strong><\/p>\n<p>Le pistolet marche le mieux avec une pression comprise entre 3 et 5 bars<\/p>\n<p>&nbsp;<\/p>\n<p>&nbsp;<\/p>\n","protected":false},"featured_media":13645,"template":"","meta":[],"product_brand":[],"product_cat":[121],"product_tag":[],"class_list":{"0":"post-12896","1":"product","2":"type-product","3":"status-publish","4":"has-post-thumbnail","6":"product_cat-seringues-de-pate","7":"product_shipping_class-products-fr","8":"tm-no-options","10":"first","11":"instock","12":"taxable","13":"shipping-taxable","14":"purchasable","15":"product-type-variable","16":"has-default-attributes"},"_links":{"self":[{"href":"https:\/\/boiliedesign.com\/fr\/wp-json\/wp\/v2\/product\/12896","targetHints":{"allow":["GET"]}}],"collection":[{"href":"https:\/\/boiliedesign.com\/fr\/wp-json\/wp\/v2\/product"}],"about":[{"href":"https:\/\/boiliedesign.com\/fr\/wp-json\/wp\/v2\/types\/product"}],"wp:featuredmedia":[{"embeddable":true,"href":"https:\/\/boiliedesign.com\/fr\/wp-json\/wp\/v2\/media\/13645"}],"wp:attachment":[{"href":"https:\/\/boiliedesign.com\/fr\/wp-json\/wp\/v2\/media?parent=12896"}],"wp:term":[{"taxonomy":"product_brand","embeddable":true,"href":"https:\/\/boiliedesign.com\/fr\/wp-json\/wp\/v2\/product_brand?post=12896"},{"taxonomy":"product_cat","embeddable":true,"href":"https:\/\/boiliedesign.com\/fr\/wp-json\/wp\/v2\/product_cat?post=12896"},{"taxonomy":"product_tag","embeddable":true,"href":"https:\/\/boiliedesign.com\/fr\/wp-json\/wp\/v2\/product_tag?post=12896"}],"curies":[{"name":"wp","href":"https:\/\/api.w.org\/{rel}","templated":true}]}}