{"id":12893,"date":"2016-11-09T10:30:53","date_gmt":"2016-12-20T11:40:19","guid":{"rendered":"http:\/\/boiliedesign.com\/?post_type=product&#038;p=12893"},"modified":"2017-01-02T20:57:42","modified_gmt":"2017-01-02T19:57:42","slug":"deegmenger-40-liter","status":"publish","type":"product","link":"https:\/\/boiliedesign.com\/fr\/produit\/deegmenger-40-liter\/","title":{"rendered":"P\u00e9trin 40 Litres"},"content":{"rendered":"","protected":false},"excerpt":{"rendered":"<p>Apr\u00e8s de nombreuses ann\u00e9es d\u2019utilisation nous pouvons vous assurer qu\u2019il s\u2019agit ici d\u2019e l\u2019un des meilleurs p\u00e9trins du march\u00e9.<br \/>\nCes p\u00e9trins r\u00e9alisent le travail le plus dur dans une cha\u00eene de production\u00a0! Il suffit de le remplir avec la bonne quantit\u00e9 de mixe, d\u2019additifs, d\u2019ar\u00f4me et d\u2019eau.<\/p>\n<p>&nbsp;<\/p>\n<p>L\u2019avantage des mod\u00e8les 20 et 30 litres est qu\u2019ils fonctionnent sur une prise normale de 220V.<\/p>\n<p>Pour les p\u00e9trins 40 et 50 litres il faudra pr\u00e9voir une prise de courant de 380V.<\/p>\n<p>&nbsp;<\/p>\n<p>Les p\u00e9trins sont disponibles dans les tailles suivantes\u00a0:<\/p>\n<p>&nbsp;<\/p>\n<ul>\n<li>20 Litres (8 Kg de mixe sec) \u00a0220 volts<\/li>\n<li>30 Litres (12 Kg de mixe sec)\u00a0 220 volts<\/li>\n<li>40 Litres (16 Kg de mixe sec)\u00a0 380 volts<\/li>\n<li>50 Litres (20 Kg de mixe sec)\u00a0 380 volts<\/li>\n<\/ul>\n<p>&nbsp;<\/p>\n","protected":false},"featured_media":12767,"template":"","meta":[],"product_brand":[],"product_cat":[116],"product_tag":[],"class_list":{"0":"post-12893","1":"product","2":"type-product","3":"status-publish","4":"has-post-thumbnail","6":"product_cat-petrin","7":"product_shipping_class-pallets-fr","8":"tm-no-options","10":"first","11":"onbackorder","12":"taxable","13":"shipping-taxable","14":"purchasable","15":"product-type-simple"},"_links":{"self":[{"href":"https:\/\/boiliedesign.com\/fr\/wp-json\/wp\/v2\/product\/12893","targetHints":{"allow":["GET"]}}],"collection":[{"href":"https:\/\/boiliedesign.com\/fr\/wp-json\/wp\/v2\/product"}],"about":[{"href":"https:\/\/boiliedesign.com\/fr\/wp-json\/wp\/v2\/types\/product"}],"wp:featuredmedia":[{"embeddable":true,"href":"https:\/\/boiliedesign.com\/fr\/wp-json\/wp\/v2\/media\/12767"}],"wp:attachment":[{"href":"https:\/\/boiliedesign.com\/fr\/wp-json\/wp\/v2\/media?parent=12893"}],"wp:term":[{"taxonomy":"product_brand","embeddable":true,"href":"https:\/\/boiliedesign.com\/fr\/wp-json\/wp\/v2\/product_brand?post=12893"},{"taxonomy":"product_cat","embeddable":true,"href":"https:\/\/boiliedesign.com\/fr\/wp-json\/wp\/v2\/product_cat?post=12893"},{"taxonomy":"product_tag","embeddable":true,"href":"https:\/\/boiliedesign.com\/fr\/wp-json\/wp\/v2\/product_tag?post=12893"}],"curies":[{"name":"wp","href":"https:\/\/api.w.org\/{rel}","templated":true}]}}