{"id":12886,"date":"2016-11-10T10:52:12","date_gmt":"2016-12-20T11:22:10","guid":{"rendered":"http:\/\/boiliedesign.com\/?post_type=product&#038;p=12886"},"modified":"2017-01-02T20:56:45","modified_gmt":"2017-01-02T19:56:45","slug":"droog-stoomkratten-40x60cm","status":"publish","type":"product","link":"https:\/\/boiliedesign.com\/fr\/produit\/droog-stoomkratten-40x60cm\/","title":{"rendered":"Cagette de vapeur 40x60cm"},"content":{"rendered":"","protected":false},"excerpt":{"rendered":"<p>Ces cagettes sont fabriqu\u00e9es en plastique r\u00e9sistant \u00e0 la chaleur. Des cagettes ordinaires ne r\u00e9sistent pas \u00e0 la chaleur et se d\u00e9forment, et par cons\u00e9quent ne peuvent pas \u00eatre utilis\u00e9es pour la cuisson par vapeur. Nos cagettes s\u2019empilent, ce qui permet de cuire plusieurs kilos de bouillettes \u00e0 la fois.<\/p>\n<p>Ces cagettes sont \u00e9galement id\u00e9ales pour le s\u00e9chage des bouillettes.<\/p>\n<p>&nbsp;<\/p>\n<p>Les cagettes sont disponibles en 2 tailles\u00a0:<\/p>\n<p>&nbsp;<\/p>\n<p>L = 300 mm X B = 500 mm<br \/>\nL = 400 mm X B = 600 mm.<\/p>\n","protected":false},"featured_media":12773,"template":"","meta":[],"product_brand":[],"product_cat":[118],"product_tag":[],"class_list":{"0":"post-12886","1":"product","2":"type-product","3":"status-publish","4":"has-post-thumbnail","6":"product_cat-cagette-de-vapeur","7":"product_shipping_class-products-fr","8":"tm-no-options","10":"first","11":"outofstock","12":"taxable","13":"shipping-taxable","14":"purchasable","15":"product-type-simple"},"_links":{"self":[{"href":"https:\/\/boiliedesign.com\/fr\/wp-json\/wp\/v2\/product\/12886","targetHints":{"allow":["GET"]}}],"collection":[{"href":"https:\/\/boiliedesign.com\/fr\/wp-json\/wp\/v2\/product"}],"about":[{"href":"https:\/\/boiliedesign.com\/fr\/wp-json\/wp\/v2\/types\/product"}],"wp:featuredmedia":[{"embeddable":true,"href":"https:\/\/boiliedesign.com\/fr\/wp-json\/wp\/v2\/media\/12773"}],"wp:attachment":[{"href":"https:\/\/boiliedesign.com\/fr\/wp-json\/wp\/v2\/media?parent=12886"}],"wp:term":[{"taxonomy":"product_brand","embeddable":true,"href":"https:\/\/boiliedesign.com\/fr\/wp-json\/wp\/v2\/product_brand?post=12886"},{"taxonomy":"product_cat","embeddable":true,"href":"https:\/\/boiliedesign.com\/fr\/wp-json\/wp\/v2\/product_cat?post=12886"},{"taxonomy":"product_tag","embeddable":true,"href":"https:\/\/boiliedesign.com\/fr\/wp-json\/wp\/v2\/product_tag?post=12886"}],"curies":[{"name":"wp","href":"https:\/\/api.w.org\/{rel}","templated":true}]}}