{"id":12879,"date":"2016-10-24T14:55:57","date_gmt":"2016-12-20T10:48:52","guid":{"rendered":"http:\/\/boiliedesign.com\/?post_type=product&#038;p=12879"},"modified":"2017-01-02T21:05:11","modified_gmt":"2017-01-02T20:05:11","slug":"rollen-voor-2-rollen-systeem","status":"publish","type":"product","link":"https:\/\/boiliedesign.com\/fr\/produit\/rollen-voor-2-rollen-systeem\/","title":{"rendered":"Rouleaux pour syst\u00e8me \u00e0 2 rouleaux"},"content":{"rendered":"","protected":false},"excerpt":{"rendered":"<p>Notre machine \u00e0 bouillettes professionnelle (syst\u00e8me \u00e0 deux rouleaux avec r\u00e9glage de fr\u00e9quence) sont livr\u00e9es standard avec un diam\u00e8tre au choix. Tout comme avec nos autres machines \u00e0 bouillettes, nous vous proposons des rouleaux de diff\u00e9rents diam\u00e8tres en option.<\/p>\n<p>&nbsp;<\/p>\n<p>Ci-dessous vous pouvez choisir parmi 11 diam\u00e8tres diff\u00e9rents<\/p>\n<p>&nbsp;<\/p>\n<p>Toutefois, \u00e9tant donn\u00e9 que ces machines et rouleaux sont fabriqu\u00e9s sur commande, il est aussi possible de choisir d\u2019autres diam\u00e8tres interm\u00e9diaires.<\/p>\n","protected":false},"featured_media":12675,"template":"","meta":[],"product_brand":[],"product_cat":[120],"product_tag":[],"class_list":{"0":"post-12879","1":"product","2":"type-product","3":"status-publish","4":"has-post-thumbnail","6":"product_cat-rouleau-coquille","7":"product_shipping_class-products-fr","8":"tm-has-options","10":"first","11":"instock","12":"taxable","13":"shipping-taxable","14":"purchasable","15":"product-type-simple"},"_links":{"self":[{"href":"https:\/\/boiliedesign.com\/fr\/wp-json\/wp\/v2\/product\/12879","targetHints":{"allow":["GET"]}}],"collection":[{"href":"https:\/\/boiliedesign.com\/fr\/wp-json\/wp\/v2\/product"}],"about":[{"href":"https:\/\/boiliedesign.com\/fr\/wp-json\/wp\/v2\/types\/product"}],"wp:featuredmedia":[{"embeddable":true,"href":"https:\/\/boiliedesign.com\/fr\/wp-json\/wp\/v2\/media\/12675"}],"wp:attachment":[{"href":"https:\/\/boiliedesign.com\/fr\/wp-json\/wp\/v2\/media?parent=12879"}],"wp:term":[{"taxonomy":"product_brand","embeddable":true,"href":"https:\/\/boiliedesign.com\/fr\/wp-json\/wp\/v2\/product_brand?post=12879"},{"taxonomy":"product_cat","embeddable":true,"href":"https:\/\/boiliedesign.com\/fr\/wp-json\/wp\/v2\/product_cat?post=12879"},{"taxonomy":"product_tag","embeddable":true,"href":"https:\/\/boiliedesign.com\/fr\/wp-json\/wp\/v2\/product_tag?post=12879"}],"curies":[{"name":"wp","href":"https:\/\/api.w.org\/{rel}","templated":true}]}}