{"id":12873,"date":"2016-10-24T14:11:06","date_gmt":"2016-12-20T10:35:23","guid":{"rendered":"http:\/\/boiliedesign.com\/?post_type=product&#038;p=12873"},"modified":"2017-01-02T21:06:28","modified_gmt":"2017-01-02T20:06:28","slug":"rol-schaal-300mm","status":"publish","type":"product","link":"https:\/\/boiliedesign.com\/fr\/produit\/rol-schaal-300mm\/","title":{"rendered":"Rouleau &#038; Coquille 300mm"},"content":{"rendered":"","protected":false},"excerpt":{"rendered":"<p>Toutes nos machines \u00e0 bouillettes sont livr\u00e9es standard avec un diam\u00e8tre au choix. Le grand avantage de nos machines est que les rouleaux et coquilles sont interchangeables, ce qui vous permet de choisir votre diam\u00e8tre favori.<br \/>\nRouleaux et coquilles sont disponibles en 11 diam\u00e8tres diff\u00e9rents.<\/p>\n<p>Ci-dessous vous pouvez choisir les diam\u00e8tres disponibles.<\/p>\n","protected":false},"featured_media":12668,"template":"","meta":[],"product_brand":[],"product_cat":[120],"product_tag":[],"class_list":{"0":"post-12873","1":"product","2":"type-product","3":"status-publish","4":"has-post-thumbnail","6":"product_cat-rouleau-coquille","7":"tm-no-options","9":"first","10":"instock","11":"taxable","12":"shipping-taxable","13":"purchasable","14":"product-type-simple"},"_links":{"self":[{"href":"https:\/\/boiliedesign.com\/fr\/wp-json\/wp\/v2\/product\/12873","targetHints":{"allow":["GET"]}}],"collection":[{"href":"https:\/\/boiliedesign.com\/fr\/wp-json\/wp\/v2\/product"}],"about":[{"href":"https:\/\/boiliedesign.com\/fr\/wp-json\/wp\/v2\/types\/product"}],"wp:featuredmedia":[{"embeddable":true,"href":"https:\/\/boiliedesign.com\/fr\/wp-json\/wp\/v2\/media\/12668"}],"wp:attachment":[{"href":"https:\/\/boiliedesign.com\/fr\/wp-json\/wp\/v2\/media?parent=12873"}],"wp:term":[{"taxonomy":"product_brand","embeddable":true,"href":"https:\/\/boiliedesign.com\/fr\/wp-json\/wp\/v2\/product_brand?post=12873"},{"taxonomy":"product_cat","embeddable":true,"href":"https:\/\/boiliedesign.com\/fr\/wp-json\/wp\/v2\/product_cat?post=12873"},{"taxonomy":"product_tag","embeddable":true,"href":"https:\/\/boiliedesign.com\/fr\/wp-json\/wp\/v2\/product_tag?post=12873"}],"curies":[{"name":"wp","href":"https:\/\/api.w.org\/{rel}","templated":true}]}}