{"id":12872,"date":"2016-12-12T10:40:26","date_gmt":"2016-12-20T10:30:25","guid":{"rendered":"http:\/\/boiliedesign.com\/?post_type=product&#038;p=12872"},"modified":"2019-11-22T10:22:01","modified_gmt":"2019-11-22T09:22:01","slug":"extruder-xxl","status":"publish","type":"product","link":"https:\/\/boiliedesign.com\/fr\/produit\/extruder-xxl\/","title":{"rendered":"Extruder XXL"},"content":{"rendered":"","protected":false},"excerpt":{"rendered":"<p>L\u2019extruder XXL est, comme son nom l\u2019indique, la grande s\u0153ur de la version XL. En 20mm il est possible de transformer pas moins de 150 \u00e0 200 kg de p\u00e2te. Bien s\u00fbr ce grand mod\u00e8le est \u00e9galement \u00e9quip\u00e9 d\u2019un r\u00e9glage de fr\u00e9quence pour travailler \u00e0 la vitesse souhait\u00e9e.<\/p>\n<p>L\u2019extruder XXL fonctionne \u00e9galement sur du 220V<\/p>\n<p>&nbsp;<\/p>\n<p>Nous avons \u00e9galement une extruder XL. Celle-ci peut transformer 80 kg de p\u00e2te par heure en saucisse de 20mm. Cette extruder poss\u00e8de \u00e9galement un r\u00e9glage de fr\u00e9quence et fonctionne aussi sur du 220V<\/p>\n<p>&nbsp;<\/p>\n<p>&nbsp;<\/p>\n[video width=\"512\" height=\"288\" mp4=\"http:\/\/boiliedesign.com\/inhoud\/uploads\/2016\/11\/Extruder-XL.mp4\"][\/video]\n<p>&nbsp;<\/p>\n","protected":false},"featured_media":12850,"template":"","meta":[],"product_brand":[],"product_cat":[117],"product_tag":[],"class_list":{"0":"post-12872","1":"product","2":"type-product","3":"status-publish","4":"has-post-thumbnail","6":"product_cat-extruders-fr","7":"product_shipping_class-pallets-fr","8":"tm-no-options","10":"first","11":"instock","12":"taxable","13":"shipping-taxable","14":"purchasable","15":"product-type-simple"},"_links":{"self":[{"href":"https:\/\/boiliedesign.com\/fr\/wp-json\/wp\/v2\/product\/12872","targetHints":{"allow":["GET"]}}],"collection":[{"href":"https:\/\/boiliedesign.com\/fr\/wp-json\/wp\/v2\/product"}],"about":[{"href":"https:\/\/boiliedesign.com\/fr\/wp-json\/wp\/v2\/types\/product"}],"wp:featuredmedia":[{"embeddable":true,"href":"https:\/\/boiliedesign.com\/fr\/wp-json\/wp\/v2\/media\/12850"}],"wp:attachment":[{"href":"https:\/\/boiliedesign.com\/fr\/wp-json\/wp\/v2\/media?parent=12872"}],"wp:term":[{"taxonomy":"product_brand","embeddable":true,"href":"https:\/\/boiliedesign.com\/fr\/wp-json\/wp\/v2\/product_brand?post=12872"},{"taxonomy":"product_cat","embeddable":true,"href":"https:\/\/boiliedesign.com\/fr\/wp-json\/wp\/v2\/product_cat?post=12872"},{"taxonomy":"product_tag","embeddable":true,"href":"https:\/\/boiliedesign.com\/fr\/wp-json\/wp\/v2\/product_tag?post=12872"}],"curies":[{"name":"wp","href":"https:\/\/api.w.org\/{rel}","templated":true}]}}