{"id":12871,"date":"2016-11-02T14:22:45","date_gmt":"2016-12-20T10:27:30","guid":{"rendered":"http:\/\/boiliedesign.com\/?post_type=product&#038;p=12871"},"modified":"2019-12-03T09:00:56","modified_gmt":"2019-12-03T08:00:56","slug":"extruder-xl","status":"publish","type":"product","link":"https:\/\/boiliedesign.com\/fr\/produit\/extruder-xl\/","title":{"rendered":"Extruder XL"},"content":{"rendered":"","protected":false},"excerpt":{"rendered":"<p>Avec l\u2019extruder XL vous pouvez transformer automatiquement votre p\u00e2te en saucisses. Avec un diam\u00e8tre de 20mm vous pouvez transformer environ 80 kg de p\u00e2te par heure. L\u2019extruder poss\u00e8de un r\u00e9glage de fr\u00e9quence pour faire fonctionner la machine \u00e0 la vitesse souhait\u00e9e.<\/p>\n<p>La machine fonctionne sur du 220V<\/p>\n<p>&nbsp;<\/p>\n<p>Nous avons \u00e9galement une extruder XXL. Celle-ci peut transformer 150 \u00e0 200 kg de p\u00e2te par heure en saucisse de 20mm. Cette extruder poss\u00e8de \u00e9galement un r\u00e9glage de fr\u00e9quence et malgr\u00e9 sa taille imposante elle fonctionne aussi sur du 220V.<\/p>\n<p>&nbsp;<\/p>\n[video width=\"512\" height=\"288\" mp4=\"http:\/\/boiliedesign.com\/inhoud\/uploads\/2016\/11\/Extruder-XL.mp4\"][\/video]\n<p>&nbsp;<\/p>\n","protected":false},"featured_media":14522,"template":"","meta":[],"product_brand":[],"product_cat":[117],"product_tag":[],"class_list":{"0":"post-12871","1":"product","2":"type-product","3":"status-publish","4":"has-post-thumbnail","6":"product_cat-extruders-fr","7":"product_shipping_class-pallets-fr","8":"tm-no-options","10":"first","11":"instock","12":"taxable","13":"shipping-taxable","14":"purchasable","15":"product-type-simple"},"_links":{"self":[{"href":"https:\/\/boiliedesign.com\/fr\/wp-json\/wp\/v2\/product\/12871","targetHints":{"allow":["GET"]}}],"collection":[{"href":"https:\/\/boiliedesign.com\/fr\/wp-json\/wp\/v2\/product"}],"about":[{"href":"https:\/\/boiliedesign.com\/fr\/wp-json\/wp\/v2\/types\/product"}],"wp:featuredmedia":[{"embeddable":true,"href":"https:\/\/boiliedesign.com\/fr\/wp-json\/wp\/v2\/media\/14522"}],"wp:attachment":[{"href":"https:\/\/boiliedesign.com\/fr\/wp-json\/wp\/v2\/media?parent=12871"}],"wp:term":[{"taxonomy":"product_brand","embeddable":true,"href":"https:\/\/boiliedesign.com\/fr\/wp-json\/wp\/v2\/product_brand?post=12871"},{"taxonomy":"product_cat","embeddable":true,"href":"https:\/\/boiliedesign.com\/fr\/wp-json\/wp\/v2\/product_cat?post=12871"},{"taxonomy":"product_tag","embeddable":true,"href":"https:\/\/boiliedesign.com\/fr\/wp-json\/wp\/v2\/product_tag?post=12871"}],"curies":[{"name":"wp","href":"https:\/\/api.w.org\/{rel}","templated":true}]}}