{"id":12867,"date":"2016-11-08T09:18:00","date_gmt":"2016-12-20T10:14:17","guid":{"rendered":"http:\/\/boiliedesign.com\/?post_type=product&#038;p=12867"},"modified":"2021-05-25T15:03:54","modified_gmt":"2021-05-25T13:03:54","slug":"stoombak-8-kg","status":"publish","type":"product","link":"https:\/\/boiliedesign.com\/fr\/produit\/stoombak-8-kg\/","title":{"rendered":"Bac \u00e0 vapeur 8 Kg"},"content":{"rendered":"","protected":false},"excerpt":{"rendered":"<p>La plupart des rouleurs de bouillettes amateurs et professionnels pratiquent la cuisson en eau bouillante, toutefois ceux qui cuisent \u00e0 la vapeur chez eux sont de plus en plus nombreux. Ceci est logique car avec la cuisson dans l\u2019eau on perd beaucoup de vitamines et autres nutriments, et c\u2019est dommage car ceux-ci constituent justement une plus-value dans nos app\u00e2ts!<\/p>\n<p>&nbsp;<\/p>\n<p>BoilieDesign rend possible la cuisson \u00e0 la vapeur pour chacun, que ce soit pour des petites ou grandes quantit\u00e9s, car nous proposons trois types de bacs diff\u00e9rents\u00a0:<\/p>\n<p>&nbsp;<\/p>\n<p>Le plus petit mod\u00e8le a une capacit\u00e9 de 8 kg<br \/>\nLe mod\u00e8le m\u00e9dium une capacit\u00e9 de 12 kg<br \/>\nLa version large poss\u00e8de m\u00eame une capacit\u00e9 de 18 kg<\/p>\n<p>&nbsp;<\/p>\n<p>Le temps de cuisson d\u00e9pend de la quantit\u00e9 et du diam\u00e8tre\u00a0des bouillettes, avec 2 cagettes dans le bac le temps de cuisson est plus court qu\u2019avec 6 cagettes.<\/p>\n<p>&nbsp;<\/p>\n<p>Les avantages importants de nos bacs \u00e0 vapeur\u00a0:<\/p>\n<p>&nbsp;<\/p>\n<ul>\n<li>Quelques cm d\u2019eau suffisent pour cr\u00e9er de la vapeur<\/li>\n<li>Le syst\u00e8me de flotteur maintient le bon niveau d\u2019eau<\/li>\n<li>Plus de po\u00eales sales et encrass\u00e9es<\/li>\n<li>Les nutriments importants et vitamines sont conserv\u00e9s<\/li>\n<li>R\u00e9alis\u00e9 en inox de qualit\u00e9 sup\u00e9rieure<\/li>\n<\/ul>\n","protected":false},"featured_media":12663,"template":"","meta":[],"product_brand":[],"product_cat":[122],"product_tag":[],"class_list":{"0":"post-12867","1":"product","2":"type-product","3":"status-publish","4":"has-post-thumbnail","6":"product_cat-bac-a-vapeur","7":"product_shipping_class-pallets-fr","8":"tm-has-options","10":"first","11":"instock","12":"taxable","13":"shipping-taxable","14":"purchasable","15":"product-type-simple"},"_links":{"self":[{"href":"https:\/\/boiliedesign.com\/fr\/wp-json\/wp\/v2\/product\/12867","targetHints":{"allow":["GET"]}}],"collection":[{"href":"https:\/\/boiliedesign.com\/fr\/wp-json\/wp\/v2\/product"}],"about":[{"href":"https:\/\/boiliedesign.com\/fr\/wp-json\/wp\/v2\/types\/product"}],"wp:featuredmedia":[{"embeddable":true,"href":"https:\/\/boiliedesign.com\/fr\/wp-json\/wp\/v2\/media\/12663"}],"wp:attachment":[{"href":"https:\/\/boiliedesign.com\/fr\/wp-json\/wp\/v2\/media?parent=12867"}],"wp:term":[{"taxonomy":"product_brand","embeddable":true,"href":"https:\/\/boiliedesign.com\/fr\/wp-json\/wp\/v2\/product_brand?post=12867"},{"taxonomy":"product_cat","embeddable":true,"href":"https:\/\/boiliedesign.com\/fr\/wp-json\/wp\/v2\/product_cat?post=12867"},{"taxonomy":"product_tag","embeddable":true,"href":"https:\/\/boiliedesign.com\/fr\/wp-json\/wp\/v2\/product_tag?post=12867"}],"curies":[{"name":"wp","href":"https:\/\/api.w.org\/{rel}","templated":true}]}}