{"id":12860,"date":"2016-11-10T13:09:46","date_gmt":"2016-12-20T07:53:06","guid":{"rendered":"http:\/\/boiliedesign.com\/?post_type=product&#038;p=12860"},"modified":"2017-01-02T20:56:17","modified_gmt":"2017-01-02T19:56:17","slug":"machine-a-bouillettes-professionnelle-avec-deux-rouleaux-et-2-reglages-de-frequence","status":"publish","type":"product","link":"https:\/\/boiliedesign.com\/fr\/produit\/machine-a-bouillettes-professionnelle-avec-deux-rouleaux-et-2-reglages-de-frequence\/","title":{"rendered":"Machine \u00e0 bouillettes professionnelle"},"content":{"rendered":"","protected":false},"excerpt":{"rendered":"<p>Cette machine \u00e0 bouillette professionnelle est \u00e9quip\u00e9 d\u2019un syst\u00e8me \u00e0 deux rouleaux, il s\u2019agit de la version haute de gamme des machines Boiliedesign! Les rouleaux sont command\u00e9s par deux moteurs individuels \u00e9quip\u00e9s de 2 r\u00e9glages de fr\u00e9quences. Cette machine est souvent utilis\u00e9e par les professionnels pour les grandes cha\u00eenes de production. Des firmes telles que Nash, CC Moore, Dreambaits, etc, utilisent toutes cette machine !<\/p>\n<p>&nbsp;<\/p>\n<p>Le r\u00e9glage individuel de la vitesse de rotation de chaque rouleau permet d\u2019obtenir toujours le r\u00e9glage parfait quel que soit le type de mixe utilis\u00e9. Chaque pi\u00e8ce de cette machine a \u00e9t\u00e9 bien pens\u00e9e et est de qualit\u00e9 exceptionnelle. La machine a \u00e9t\u00e9 assembl\u00e9e par des professionnels. Bien s\u00fbr, avec ce mod\u00e8le il est aussi possible de produire diff\u00e9rents diam\u00e8tres car les rouleaux sont interchangeables et disponible dans tous les diam\u00e8tres.<\/p>\n","protected":false},"featured_media":12779,"template":"","meta":[],"product_brand":[],"product_cat":[115],"product_tag":[],"class_list":{"0":"post-12860","1":"product","2":"type-product","3":"status-publish","4":"has-post-thumbnail","6":"product_cat-machines-a-bouillettes","7":"product_shipping_class-pallets-fr","8":"tm-has-options","10":"first","11":"instock","12":"taxable","13":"shipping-taxable","14":"purchasable","15":"product-type-simple"},"_links":{"self":[{"href":"https:\/\/boiliedesign.com\/fr\/wp-json\/wp\/v2\/product\/12860","targetHints":{"allow":["GET"]}}],"collection":[{"href":"https:\/\/boiliedesign.com\/fr\/wp-json\/wp\/v2\/product"}],"about":[{"href":"https:\/\/boiliedesign.com\/fr\/wp-json\/wp\/v2\/types\/product"}],"wp:featuredmedia":[{"embeddable":true,"href":"https:\/\/boiliedesign.com\/fr\/wp-json\/wp\/v2\/media\/12779"}],"wp:attachment":[{"href":"https:\/\/boiliedesign.com\/fr\/wp-json\/wp\/v2\/media?parent=12860"}],"wp:term":[{"taxonomy":"product_brand","embeddable":true,"href":"https:\/\/boiliedesign.com\/fr\/wp-json\/wp\/v2\/product_brand?post=12860"},{"taxonomy":"product_cat","embeddable":true,"href":"https:\/\/boiliedesign.com\/fr\/wp-json\/wp\/v2\/product_cat?post=12860"},{"taxonomy":"product_tag","embeddable":true,"href":"https:\/\/boiliedesign.com\/fr\/wp-json\/wp\/v2\/product_tag?post=12860"}],"curies":[{"name":"wp","href":"https:\/\/api.w.org\/{rel}","templated":true}]}}