{"id":12858,"date":"2016-10-18T09:22:55","date_gmt":"2016-12-20T06:55:10","guid":{"rendered":"http:\/\/boiliedesign.com\/?post_type=product&#038;p=12858"},"modified":"2017-01-02T21:13:02","modified_gmt":"2017-01-02T20:13:02","slug":"boiliemachine-500mm","status":"publish","type":"product","link":"https:\/\/boiliedesign.com\/fr\/produit\/boiliemachine-500mm\/","title":{"rendered":"Machines \u00e0 bouillettes 500mm"},"content":{"rendered":"","protected":false},"excerpt":{"rendered":"<p>Les machines \u00e0 bouillettes en inox Boilidesign sont le summum dans leur domaine. Chaque d\u00e9tail de la machine a \u00e9t\u00e9 bien pens\u00e9 et toutes les pi\u00e8ces sont de qualit\u00e9 irr\u00e9prochable ! Les machines \u00e0 bouillettes sont \u00e9quip\u00e9es d\u2019un rouleau dans une coquille, il s\u2019agit d\u2019un syst\u00e8me qui assure la bonne rondeur des bouillettes. Il est \u00e9galement possible de produire plusieurs diam\u00e8tres avec la m\u00eame machine car les rouleaux et coquilles sont interchangeables. Vous avez le choix entre pas moins de 11 diam\u00e8tres diff\u00e9rents !<\/p>\n<p>&nbsp;<\/p>\n<p>Si vous pr\u00e9f\u00e9rez les grands diam\u00e8tres et\/ou si vous utilisez des p\u00e2tes relativement dures nous vous conseillons d\u2019opter pour une machine avec un moteur plus puissant, ce qui est possible pour 80,00 \u20ac de plus. Il existe 3 mod\u00e8les de machines \u00e0 bouillettes : le 300mm, le 500mm et le 500mm Deluxe. Cette derni\u00e8re a comme avantage que 100% de votre p\u00e2te est transform\u00e9 en bouillettes bien rondes, les extr\u00e9mit\u00e9s tombent dans un bac sp\u00e9cial.<\/p>\n<p>&nbsp;<\/p>\n<p>Pourquoi choisir une machine \u00e0 bouillette Boiliedesign :<\/p>\n<p>&nbsp;<\/p>\n<ul>\n<li>Roule des bouillettes parfaitement rondes<\/li>\n<li>R\u00e9pond \u00e0 tous les protocoles de s\u00e9curit\u00e9<\/li>\n<li>Rouleau et coquille facile \u00e0 changer (optioneel)<\/li>\n<li>Plusieurs diam\u00e8tres possibles (en option)<\/li>\n<li>Accepte aussi des p\u00e2tes dures et grasses<\/li>\n<\/ul>\n<p>&nbsp;<\/p>\n","protected":false},"featured_media":12659,"template":"","meta":[],"product_brand":[],"product_cat":[115],"product_tag":[],"class_list":{"0":"post-12858","1":"product","2":"type-product","3":"status-publish","4":"has-post-thumbnail","6":"product_cat-machines-a-bouillettes","7":"product_shipping_class-pallets-fr","8":"tm-has-options","10":"first","11":"instock","12":"taxable","13":"shipping-taxable","14":"purchasable","15":"product-type-simple"},"_links":{"self":[{"href":"https:\/\/boiliedesign.com\/fr\/wp-json\/wp\/v2\/product\/12858","targetHints":{"allow":["GET"]}}],"collection":[{"href":"https:\/\/boiliedesign.com\/fr\/wp-json\/wp\/v2\/product"}],"about":[{"href":"https:\/\/boiliedesign.com\/fr\/wp-json\/wp\/v2\/types\/product"}],"wp:featuredmedia":[{"embeddable":true,"href":"https:\/\/boiliedesign.com\/fr\/wp-json\/wp\/v2\/media\/12659"}],"wp:attachment":[{"href":"https:\/\/boiliedesign.com\/fr\/wp-json\/wp\/v2\/media?parent=12858"}],"wp:term":[{"taxonomy":"product_brand","embeddable":true,"href":"https:\/\/boiliedesign.com\/fr\/wp-json\/wp\/v2\/product_brand?post=12858"},{"taxonomy":"product_cat","embeddable":true,"href":"https:\/\/boiliedesign.com\/fr\/wp-json\/wp\/v2\/product_cat?post=12858"},{"taxonomy":"product_tag","embeddable":true,"href":"https:\/\/boiliedesign.com\/fr\/wp-json\/wp\/v2\/product_tag?post=12858"}],"curies":[{"name":"wp","href":"https:\/\/api.w.org\/{rel}","templated":true}]}}