{"id":12857,"date":"2016-11-29T10:46:29","date_gmt":"2016-11-29T09:46:29","guid":{"rendered":"http:\/\/boiliedesign.com\/product\/spuithouder-2\/"},"modified":"2017-01-02T20:55:55","modified_gmt":"2017-01-02T19:55:55","slug":"support-de-pistolet","status":"publish","type":"product","link":"https:\/\/boiliedesign.com\/fr\/produit\/support-de-pistolet\/","title":{"rendered":"Support de pistolet"},"content":{"rendered":"","protected":false},"excerpt":{"rendered":"<p>Nous fabriquons \u00e9galement un support pour les pistolets \u00e0 bouillettes afin de pouvoir poser ce dernier en toute s\u00e9curit\u00e9.<\/p>\n","protected":false},"featured_media":12797,"template":"","meta":[],"product_brand":[],"product_cat":[119,121],"product_tag":[],"class_list":{"0":"post-12857","1":"product","2":"type-product","3":"status-publish","4":"has-post-thumbnail","6":"product_cat-autres-fr","7":"product_cat-seringues-de-pate","8":"product_shipping_class-products-fr","9":"tm-no-options","11":"first","12":"instock","13":"taxable","14":"shipping-taxable","15":"purchasable","16":"product-type-variable"},"_links":{"self":[{"href":"https:\/\/boiliedesign.com\/fr\/wp-json\/wp\/v2\/product\/12857","targetHints":{"allow":["GET"]}}],"collection":[{"href":"https:\/\/boiliedesign.com\/fr\/wp-json\/wp\/v2\/product"}],"about":[{"href":"https:\/\/boiliedesign.com\/fr\/wp-json\/wp\/v2\/types\/product"}],"wp:featuredmedia":[{"embeddable":true,"href":"https:\/\/boiliedesign.com\/fr\/wp-json\/wp\/v2\/media\/12797"}],"wp:attachment":[{"href":"https:\/\/boiliedesign.com\/fr\/wp-json\/wp\/v2\/media?parent=12857"}],"wp:term":[{"taxonomy":"product_brand","embeddable":true,"href":"https:\/\/boiliedesign.com\/fr\/wp-json\/wp\/v2\/product_brand?post=12857"},{"taxonomy":"product_cat","embeddable":true,"href":"https:\/\/boiliedesign.com\/fr\/wp-json\/wp\/v2\/product_cat?post=12857"},{"taxonomy":"product_tag","embeddable":true,"href":"https:\/\/boiliedesign.com\/fr\/wp-json\/wp\/v2\/product_tag?post=12857"}],"curies":[{"name":"wp","href":"https:\/\/api.w.org\/{rel}","templated":true}]}}