{"id":12977,"date":"2015-03-03T07:21:37","date_gmt":"2017-01-02T19:07:59","guid":{"rendered":"https:\/\/wpressor.nl\/boiliedesign\/"},"modified":"2021-11-23T09:22:26","modified_gmt":"2021-11-23T08:22:26","slug":"boiliedesign","status":"publish","type":"page","link":"https:\/\/boiliedesign.com\/fr\/","title":{"rendered":"Boiliedesign"},"content":{"rendered":"<div class=\"wpb-content-wrapper\"><p>[vc_row dfd_row_config=\u00a0\u00bbfull_width_content\u00a0\u00bb][vc_column][rev_slider_vc alias=\u00a0\u00bbhomepage5&Prime;][\/vc_column][\/vc_row][vc_row dfd_overlay_color=\u00a0\u00bb#e8e8e8&Prime; dfd_row_parallax=\u00a0\u00bbdfd-row-parallax\u00a0\u00bb bg_type=\u00a0\u00bbcanvas_animated\u00a0\u00bb css=\u00a0\u00bb.vc_custom_1637655739531{border-radius: 3px !important;}\u00a0\u00bb][vc_column]<div class=\"ult-spacer spacer-6a0469e6acc81\" data-id=\"6a0469e6acc81\" data-height=\"30\" data-height-mobile=\"20\" data-height-tab=\"25\" data-height-tab-portrait=\"\" data-height-mobile-landscape=\"\" style=\"clear:both;display:block;\"><\/div>[vc_cta h2=\u00a0\u00bbInformations importantes\u00a0\u00bb h2_font_container=\u00a0\u00bbtag:h4|text_align:left|color:%233d3d3d\u00a0\u00bb h2_google_fonts=\u00a0\u00bbfont_family:Alice%3Aregular|font_style:400%20regular%3A400%3Anormal\u00a0\u00bb shape=\u00a0\u00bbsquare\u00a0\u00bb style=\u00a0\u00bboutline\u00a0\u00bb color=\u00a0\u00bbwhite\u00a0\u00bb css_animation=\u00a0\u00bbbounceInDown\u00a0\u00bb use_custom_fonts_h2=\u00a0\u00bbtrue\u00a0\u00bb]D\u00e9sormais, tous les prix des ingr\u00e9dients seront affich\u00e9s hors TVA. Cela est n\u00e9cessaire car dans de nombreux pays, un taux de TVA diff\u00e9rent s&rsquo;applique que chez nous. Avec les options de paiement, le taux de TVA correct sera finalement factur\u00e9.[\/vc_cta]<div class=\"ult-spacer spacer-6a0469e6accf1\" data-id=\"6a0469e6accf1\" data-height=\"30\" data-height-mobile=\"20\" data-height-tab=\"25\" data-height-tab-portrait=\"\" data-height-mobile-landscape=\"\" style=\"clear:both;display:block;\"><\/div><div class=\"dfd-testimonials   cr-animate-gen\" data-animate-type = \"transition.slideLeftIn\" ><div class=\"dfd-testimonial-item dfd-no-image text-center top-image-position\"><div class=\"dfd-testimonial-content\" style=\"\">Boiliedesign est d\u00e9sormais bien connu dans le monde de la carpe, nous fabriquons depuis des ann\u00e9es avec passion et beaucoup de savoir-faire des machines \u00e0 bouillettes et diff\u00e9rents accessoires. Toutes nos machines sont r\u00e9alis\u00e9es en acier inoxydable de qualit\u00e9 sup\u00e9rieure. Nos produits sont aussi faciles \u00e0 utiliser et r\u00e9pondent aux normes de s\u00e9curit\u00e9<\/div><div class=\"icon-wrap\"><i class=\"navicon-quote-right\"><\/i><\/div><div class=\"feature-title\" style=\"\">BOILIEDESIGN<\/div><div class=\"subtitle\" style=\"\">Boiliemachines<\/div><\/div><\/div><div class=\"ult-spacer spacer-6a0469e6ace16\" data-id=\"6a0469e6ace16\" data-height=\"45\" data-height-mobile=\"25\" data-height-tab=\"35\" data-height-tab-portrait=\"\" data-height-mobile-landscape=\"\" style=\"clear:both;display:block;\"><\/div>[\/vc_column][\/vc_row][vc_row force_equal_height_columns=\u00a0\u00bbno\u00a0\u00bb dfd_row_config=\u00a0\u00bbfull_width_content_paddings\u00a0\u00bb css=\u00a0\u00bb.vc_custom_1477878667207{background-color: #f4f4f4 !important;}\u00a0\u00bb][vc_column]<div class=\"ult-spacer spacer-6a0469e6ace5c\" data-id=\"6a0469e6ace5c\" data-height=\"45\" data-height-mobile=\"25\" data-height-tab=\"35\" data-height-tab-portrait=\"\" data-height-mobile-landscape=\"\" style=\"clear:both;display:block;\"><\/div><div id=\"ultimate-heading6a0469e6acedc\" class=\"uvc-heading dfd-delim-top   heading-config-bottom dfd-disable-resposive-headings\"  data-hspacer=\"no_spacer\"  data-halign=\"center\" style=\"text-align:center\"><div class=\"uvc-heading-spacer no_spacer\" style=\"\"><\/div><h5 class=\"widget-title uvc-main-heading\" style=\"font-style:normal;font-weight:600;font-size:20px;margin-top:20px;letter-spacing:6px;\">APER\u00c7U dU PRODUIT<\/h5><\/div>[vc_row_inner el_class=\u00a0\u00bbdfd-mobile-buttons-nofloats\u00a0\u00bb][vc_column_inner width=\u00a0\u00bb1\/2&Prime;]<div class=\" ubtn-ctn-right \"><a class=\"ubtn-link ult-adjust-bottom-margin ubtn-right ubtn-custom \" href=\"https:\/\/boiliedesign.com\/shop\/\" title=\"#\" ><button type=\"button\" id=\"ubtn-3718\"  class=\"ubtn ult-adjust-bottom-margin ult-responsive ubtn-custom ubtn-bottom-bg  none  ubtn-right   tooltip-6a0469e6acf68\"  data-hover=\"#ffffff\" data-border-color=\"\" data-bg=\"#c66409\" data-hover-bg=\"#4e5041\" data-border-hover=\"\" data-shadow-hover=\"\" data-shadow-click=\"none\" data-shadow=\"\" data-shd-shadow=\"\"  data-ultimate-target='#ubtn-3718'  data-responsive-json-new='{\"font-size\":\"\",\"line-height\":\"\"}'  style=\"font-weight:normal;width:px;min-height:px;padding:15px 35px;border:none;background: #c66409;color: #ffffff;\"><span class=\"ubtn-hover\" style=\"background-color:#4e5041\"><\/span><span class=\"ubtn-data ubtn-text \" >VERIFIER ICI TOUS LES PRODUITS<\/span><\/button><\/a><\/div>[\/vc_column_inner][vc_column_inner width=\u00a0\u00bb1\/2&Prime;]<div class=\" ubtn-ctn-left \"><a class=\"ubtn-link ult-adjust-bottom-margin ubtn-left ubtn-custom \" href=\"https:\/\/boiliedesign.com\/contact\/\" title=\"contact\" ><button type=\"button\" id=\"ubtn-2627\"  class=\"ubtn ult-adjust-bottom-margin ult-responsive ubtn-custom ubtn-bottom-bg  none  ubtn-left   tooltip-6a0469e6ad08f\"  data-hover=\"#ffffff\" data-border-color=\"#dddddd\" data-bg=\"#c66409\" data-hover-bg=\"#303030\" data-border-hover=\"\" data-shadow-hover=\"\" data-shadow-click=\"none\" data-shadow=\"\" data-shd-shadow=\"\"  data-ultimate-target='#ubtn-2627'  data-responsive-json-new='{\"font-size\":\"\",\"line-height\":\"\"}'  style=\"font-weight:normal;width:px;min-height:px;padding:15px 35px;border-radius:0px;border-width:1px;border-color:#dddddd;border-style:solid;background: #c66409;color: #ffffff;\"><span class=\"ubtn-hover\" style=\"background-color:#303030\"><\/span><span class=\"ubtn-data ubtn-text \" >CONTACT<\/span><\/button><\/a><\/div>[\/vc_column_inner][\/vc_row_inner]<div class=\"ult-spacer spacer-6a0469e6ad12b\" data-id=\"6a0469e6ad12b\" data-height=\"45\" data-height-mobile=\"25\" data-height-tab=\"35\" data-height-tab-portrait=\"\" data-height-mobile-landscape=\"\" style=\"clear:both;display:block;\"><\/div>[\/vc_column][\/vc_row][vc_row dfd_row_config=\u00a0\u00bbfull_width_content_paddings\u00a0\u00bb][vc_column width=\u00a0\u00bb1\/4&Prime;]<div class=\"ult-spacer spacer-6a0469e6ad171\" data-id=\"6a0469e6ad171\" data-height=\"20\" data-height-mobile=\"20\" data-height-tab=\"20\" data-height-tab-portrait=\"\" data-height-mobile-landscape=\"\" style=\"clear:both;display:block;\"><\/div>\t\t\t\t<div id=\"dfd-woo-single-cat-6a0469e6ad222\" class=\"dfd-woo-single-category clearfix  cr-animate-gen style-3\" data-animate-type = \"transition.fadeIn\" >\n\t\t\t\t\t<div class=\"left\">\n\t\t\t\t\t\t<img decoding=\"async\" src=\"https:\/\/boiliedesign.com\/wp-content\/uploads\/2016\/11\/Deegmenger-40-lit-450x780.png\" alt=\"P\u00e9trin\" \/>\n\t\t\t\t\t\t\t\t\t\t\t\t<div class=\"dfd-heading\">\n\t\t\t\t\t\t\t<div class=\"inline-block\">\n\t\t\t\t\t\t\t\t<div class=\"box-name widget-title\" style=\"\">P\u00e9trin<\/div>\t\t\t\t\t\t\t\t<div class=\"subtitle mobile-hide widget-sub-title\" style=\"\"><\/div>\t\t\t\t\t\t\t<\/div>\n\t\t\t\t\t\t<\/div>\n\t\t\t\t\t\t\t\t\t\t\t\t<a href=\"https:\/\/boiliedesign.com\/fr\/product-category\/petrin\/\" title=\"P\u00e9trin\" class=\"main-link\"><\/a>\n\t\t\t\t\t<\/div>\n\t\t\t\t<\/div>\n\t\t\t\t<div class=\"ult-spacer spacer-6a0469e6adcad\" data-id=\"6a0469e6adcad\" data-height=\"20\" data-height-mobile=\"20\" data-height-tab=\"20\" data-height-tab-portrait=\"\" data-height-mobile-landscape=\"\" style=\"clear:both;display:block;\"><\/div>\t\t\t\t<div id=\"dfd-woo-single-cat-6a0469e6add3d\" class=\"dfd-woo-single-category clearfix  cr-animate-gen style-3\" data-animate-type = \"transition.fadeIn\" >\n\t\t\t\t\t<div class=\"left\">\n\t\t\t\t\t\t<img decoding=\"async\" src=\"https:\/\/boiliedesign.com\/wp-content\/uploads\/2016\/11\/Kratten-groot-en-klein-met-achtergrond-461x395.png\" alt=\"Cagette de vapeur\" \/>\n\t\t\t\t\t\t\t\t\t\t\t\t<div class=\"dfd-heading\">\n\t\t\t\t\t\t\t<div class=\"inline-block\">\n\t\t\t\t\t\t\t\t<div class=\"box-name widget-title\" style=\"\">Cagette de vapeur<\/div>\t\t\t\t\t\t\t\t<div class=\"subtitle mobile-hide widget-sub-title\" style=\"\"><\/div>\t\t\t\t\t\t\t<\/div>\n\t\t\t\t\t\t<\/div>\n\t\t\t\t\t\t\t\t\t\t\t\t<a href=\"https:\/\/boiliedesign.com\/fr\/product-category\/cagette-de-vapeur\/\" title=\"Cagette de vapeur\" class=\"main-link\"><\/a>\n\t\t\t\t\t<\/div>\n\t\t\t\t<\/div>\n\t\t\t\t<div class=\"ult-spacer spacer-6a0469e6ae64b\" data-id=\"6a0469e6ae64b\" data-height=\"20\" data-height-mobile=\"20\" data-height-tab=\"20\" data-height-tab-portrait=\"\" data-height-mobile-landscape=\"\" style=\"clear:both;display:block;\"><\/div>[\/vc_column][vc_column width=\u00a0\u00bb1\/4&Prime;]<div class=\"ult-spacer spacer-6a0469e6ae696\" data-id=\"6a0469e6ae696\" data-height=\"20\" data-height-mobile=\"20\" data-height-tab=\"20\" data-height-tab-portrait=\"\" data-height-mobile-landscape=\"\" style=\"clear:both;display:block;\"><\/div>\t\t\t\t<div id=\"dfd-woo-single-cat-6a0469e6ae70b\" class=\"dfd-woo-single-category clearfix  cr-animate-gen style-3\" data-animate-type = \"transition.fadeIn\" >\n\t\t\t\t\t<div class=\"left\">\n\t\t\t\t\t\t<img decoding=\"async\" src=\"https:\/\/boiliedesign.com\/wp-content\/uploads\/2016\/12\/Extruder-XXL-450x780.png\" alt=\"Extruders\" \/>\n\t\t\t\t\t\t\t\t\t\t\t\t<div class=\"dfd-heading\">\n\t\t\t\t\t\t\t<div class=\"inline-block\">\n\t\t\t\t\t\t\t\t<div class=\"box-name widget-title\" style=\"\">Extruders<\/div>\t\t\t\t\t\t\t\t<div class=\"subtitle mobile-hide widget-sub-title\" style=\"\"><\/div>\t\t\t\t\t\t\t<\/div>\n\t\t\t\t\t\t<\/div>\n\t\t\t\t\t\t\t\t\t\t\t\t<a href=\"https:\/\/boiliedesign.com\/fr\/product-category\/extruders-fr\/\" title=\"Extruders\" class=\"main-link\"><\/a>\n\t\t\t\t\t<\/div>\n\t\t\t\t<\/div>\n\t\t\t\t<div class=\"ult-spacer spacer-6a0469e6af02a\" data-id=\"6a0469e6af02a\" data-height=\"20\" data-height-mobile=\"20\" data-height-tab=\"20\" data-height-tab-portrait=\"\" data-height-mobile-landscape=\"\" style=\"clear:both;display:block;\"><\/div><div class=\"dfd-testimonials   cr-animate-gen\" data-animate-type = \"transition.slideLeftIn\" ><div class=\"dfd-testimonial-item dfd-no-image text-center top-image-position\"><div class=\"dfd-testimonial-content\" style=\"\">Si vous avez des besoins sp\u00e9cifiques, nous sommes en mesure d\u2019adapter ou personnaliser nos machines selon vos souhaits, voire m\u00eame en r\u00e9aliser une machine sp\u00e9cifique sp\u00e9cialement pour vous. N\u2019h\u00e9sitez pas \u00e0 nous contacter pour toutes informations suppl\u00e9mentaires.<\/div><div class=\"icon-wrap\"><i class=\"navicon-quote-right\"><\/i><\/div><div class=\"feature-title\" style=\"\">BOILIEDESIGN<\/div><div class=\"subtitle\" style=\"\">Boiliemachines<\/div><\/div><\/div><div class=\"ult-spacer spacer-6a0469e6af103\" data-id=\"6a0469e6af103\" data-height=\"20\" data-height-mobile=\"20\" data-height-tab=\"20\" data-height-tab-portrait=\"\" data-height-mobile-landscape=\"\" style=\"clear:both;display:block;\"><\/div>[\/vc_column][vc_column width=\u00a0\u00bb1\/4&Prime;]<div class=\"ult-spacer spacer-6a0469e6af144\" data-id=\"6a0469e6af144\" data-height=\"20\" data-height-mobile=\"20\" data-height-tab=\"20\" data-height-tab-portrait=\"\" data-height-mobile-landscape=\"\" style=\"clear:both;display:block;\"><\/div>\t\t\t\t<div id=\"dfd-woo-single-cat-6a0469e6af1b5\" class=\"dfd-woo-single-category clearfix  cr-animate-gen dfd-image-fade-in style-3\" data-animate-type = \"transition.fadeIn\" >\n\t\t\t\t\t<div class=\"left\">\n\t\t\t\t\t\t<img decoding=\"async\" src=\"https:\/\/boiliedesign.com\/wp-content\/uploads\/2016\/10\/Boiliemachine-300-mm-461x375.png\" alt=\"Machines \u00e0 bouillettes\" \/>\n\t\t\t\t\t\t\t\t\t\t\t\t<div class=\"dfd-heading\">\n\t\t\t\t\t\t\t<div class=\"inline-block\">\n\t\t\t\t\t\t\t\t<div class=\"box-name widget-title\" style=\"\">Machines \u00e0 bouillettes<\/div>\t\t\t\t\t\t\t\t<div class=\"subtitle mobile-hide widget-sub-title\" style=\"\"><\/div>\t\t\t\t\t\t\t<\/div>\n\t\t\t\t\t\t<\/div>\n\t\t\t\t\t\t\t\t\t\t\t\t<a href=\"https:\/\/boiliedesign.com\/fr\/product-category\/machines-a-bouillettes\/\" title=\"Machines \u00e0 bouillettes\" class=\"main-link\"><\/a>\n\t\t\t\t\t<\/div>\n\t\t\t\t<\/div>\n\t\t\t\t<div class=\"ult-spacer spacer-6a0469e6afac6\" data-id=\"6a0469e6afac6\" data-height=\"20\" data-height-mobile=\"20\" data-height-tab=\"20\" data-height-tab-portrait=\"\" data-height-mobile-landscape=\"\" style=\"clear:both;display:block;\"><\/div>\t\t\t\t<div id=\"dfd-woo-single-cat-6a0469e6afb43\" class=\"dfd-woo-single-category clearfix  cr-animate-gen dfd-image-fade-in style-3\" data-animate-type = \"transition.fadeIn\" >\n\t\t\t\t\t<div class=\"left\">\n\t\t\t\t\t\t<img decoding=\"async\" src=\"https:\/\/boiliedesign.com\/wp-content\/uploads\/2016\/11\/categorie-rollen-461x400.png\" alt=\"Rouleau &amp; Coquille\" \/>\n\t\t\t\t\t\t\t\t\t\t\t\t<div class=\"dfd-heading\">\n\t\t\t\t\t\t\t<div class=\"inline-block\">\n\t\t\t\t\t\t\t\t<div class=\"box-name widget-title\" style=\"\">Rouleau &amp; Coquille<\/div>\t\t\t\t\t\t\t\t<div class=\"subtitle mobile-hide widget-sub-title\" style=\"\"><\/div>\t\t\t\t\t\t\t<\/div>\n\t\t\t\t\t\t<\/div>\n\t\t\t\t\t\t\t\t\t\t\t\t<a href=\"https:\/\/boiliedesign.com\/fr\/product-category\/rouleau-coquille\/\" title=\"Rouleau &amp; Coquille\" class=\"main-link\"><\/a>\n\t\t\t\t\t<\/div>\n\t\t\t\t<\/div>\n\t\t\t\t<div class=\"ult-spacer spacer-6a0469e6b04ae\" data-id=\"6a0469e6b04ae\" data-height=\"20\" data-height-mobile=\"20\" data-height-tab=\"20\" data-height-tab-portrait=\"\" data-height-mobile-landscape=\"\" style=\"clear:both;display:block;\"><\/div>\t\t\t\t<div id=\"dfd-woo-single-cat-6a0469e6b052a\" class=\"dfd-woo-single-category clearfix  cr-animate-gen dfd-image-fade-in style-3\" data-animate-type = \"transition.fadeIn\" >\n\t\t\t\t\t<div class=\"left\">\n\t\t\t\t\t\t<img decoding=\"async\" src=\"https:\/\/boiliedesign.com\/wp-content\/uploads\/2017\/01\/Stoombakken-hompage-461x394.png\" alt=\"Bac \u00e0 vapeur\" \/>\n\t\t\t\t\t\t\t\t\t\t\t\t<div class=\"dfd-heading\">\n\t\t\t\t\t\t\t<div class=\"inline-block\">\n\t\t\t\t\t\t\t\t<div class=\"box-name widget-title\" style=\"\">Bac \u00e0 vapeur<\/div>\t\t\t\t\t\t\t\t<div class=\"subtitle mobile-hide widget-sub-title\" style=\"\"><\/div>\t\t\t\t\t\t\t<\/div>\n\t\t\t\t\t\t<\/div>\n\t\t\t\t\t\t\t\t\t\t\t\t<a href=\"https:\/\/boiliedesign.com\/fr\/product-category\/bac-a-vapeur\/\" title=\"Bac \u00e0 vapeur\" class=\"main-link\"><\/a>\n\t\t\t\t\t<\/div>\n\t\t\t\t<\/div>\n\t\t\t\t<div class=\"ult-spacer spacer-6a0469e6b0e4f\" data-id=\"6a0469e6b0e4f\" data-height=\"20\" data-height-mobile=\"20\" data-height-tab=\"20\" data-height-tab-portrait=\"\" data-height-mobile-landscape=\"\" style=\"clear:both;display:block;\"><\/div>[\/vc_column][vc_column width=\u00a0\u00bb1\/4&Prime;]<div class=\"ult-spacer spacer-6a0469e6b0e99\" data-id=\"6a0469e6b0e99\" data-height=\"20\" data-height-mobile=\"20\" data-height-tab=\"20\" data-height-tab-portrait=\"\" data-height-mobile-landscape=\"\" style=\"clear:both;display:block;\"><\/div>\t\t\t\t<div id=\"dfd-woo-single-cat-6a0469e6b0f16\" class=\"dfd-woo-single-category clearfix  cr-animate-gen style-3\" data-animate-type = \"transition.fadeIn\" >\n\t\t\t\t\t<div class=\"left\">\n\t\t\t\t\t\t<img decoding=\"async\" src=\"https:\/\/boiliedesign.com\/wp-content\/uploads\/2016\/11\/Categorie-spuiten-461x375.png\" alt=\"Seringues de p\u00e2te\" \/>\n\t\t\t\t\t\t\t\t\t\t\t\t<div class=\"dfd-heading\">\n\t\t\t\t\t\t\t<div class=\"inline-block\">\n\t\t\t\t\t\t\t\t<div class=\"box-name widget-title\" style=\"\">Seringues de p\u00e2te<\/div>\t\t\t\t\t\t\t\t<div class=\"subtitle mobile-hide widget-sub-title\" style=\"\"><\/div>\t\t\t\t\t\t\t<\/div>\n\t\t\t\t\t\t<\/div>\n\t\t\t\t\t\t\t\t\t\t\t\t<a href=\"https:\/\/boiliedesign.com\/fr\/product-category\/seringues-de-pate\/\" title=\"Seringues de p\u00e2te\" class=\"main-link\"><\/a>\n\t\t\t\t\t<\/div>\n\t\t\t\t<\/div>\n\t\t\t\t<div class=\"ult-spacer spacer-6a0469e6b1844\" data-id=\"6a0469e6b1844\" data-height=\"20\" data-height-mobile=\"20\" data-height-tab=\"20\" data-height-tab-portrait=\"\" data-height-mobile-landscape=\"\" style=\"clear:both;display:block;\"><\/div>\t\t\t\t<div id=\"dfd-woo-single-cat-6a0469e6b18c0\" class=\"dfd-woo-single-category clearfix  cr-animate-gen style-3\" data-animate-type = \"transition.fadeIn\" >\n\t\t\t\t\t<div class=\"left\">\n\t\t\t\t\t\t<img decoding=\"async\" src=\"https:\/\/boiliedesign.com\/wp-content\/uploads\/2016\/10\/brander-met-achtergrond-461x400.png\" alt=\"Autres\" \/>\n\t\t\t\t\t\t\t\t\t\t\t\t<div class=\"dfd-heading\">\n\t\t\t\t\t\t\t<div class=\"inline-block\">\n\t\t\t\t\t\t\t\t<div class=\"box-name widget-title\" style=\"\">Autres<\/div>\t\t\t\t\t\t\t\t<div class=\"subtitle mobile-hide widget-sub-title\" style=\"\"><\/div>\t\t\t\t\t\t\t<\/div>\n\t\t\t\t\t\t<\/div>\n\t\t\t\t\t\t\t\t\t\t\t\t<a href=\"https:\/\/boiliedesign.com\/fr\/product-category\/autres-fr\/\" title=\"Autres\" class=\"main-link\"><\/a>\n\t\t\t\t\t<\/div>\n\t\t\t\t<\/div>\n\t\t\t\t<div class=\"ult-spacer spacer-6a0469e6b21c9\" data-id=\"6a0469e6b21c9\" data-height=\"20\" data-height-mobile=\"20\" data-height-tab=\"20\" data-height-tab-portrait=\"\" data-height-mobile-landscape=\"\" style=\"clear:both;display:block;\"><\/div>[vc_column_text]<a href=\"http:\/\/www.boiliedesigningredients.com\" target=\"_blank\" rel=\"noopener\"><img loading=\"lazy\" decoding=\"async\" class=\"aligncenter wp-image-13031 size-full\" title=\"Boilie Ingredienten\" src=\"https:\/\/boiliedesign.com\/inhoud\/uploads\/2015\/03\/banner-bdi.png\" width=\"886\" height=\"756\" srcset=\"https:\/\/boiliedesign.com\/wp-content\/uploads\/2015\/03\/banner-bdi.png 886w, https:\/\/boiliedesign.com\/wp-content\/uploads\/2015\/03\/banner-bdi-590x503.png 590w, https:\/\/boiliedesign.com\/wp-content\/uploads\/2015\/03\/banner-bdi-300x256.png 300w, https:\/\/boiliedesign.com\/wp-content\/uploads\/2015\/03\/banner-bdi-768x655.png 768w\" sizes=\"auto, (max-width: 886px) 100vw, 886px\" \/><\/a>[\/vc_column_text]<div class=\"ult-spacer spacer-6a0469e6b2212\" data-id=\"6a0469e6b2212\" data-height=\"20\" data-height-mobile=\"20\" data-height-tab=\"20\" data-height-tab-portrait=\"\" data-height-mobile-landscape=\"\" style=\"clear:both;display:block;\"><\/div>[\/vc_column][\/vc_row][vc_row][vc_column]<div class=\"ult-spacer spacer-6a0469e6b2252\" data-id=\"6a0469e6b2252\" data-height=\"45\" data-height-mobile=\"25\" data-height-tab=\"35\" data-height-tab-portrait=\"\" data-height-mobile-landscape=\"\" style=\"clear:both;display:block;\"><\/div><div id=\"ultimate-heading6a0469e6b22d2\" class=\"uvc-heading dfd-delim-top   cr-animate-gen heading-config-top dfd-disable-resposive-headings\" data-animate-type = \"transition.slideRightBigIn\"  data-hspacer=\"line_only\"  data-halign=\"left\" style=\"text-align:left\"><div class=\"uvc-heading-spacer line_only\" style=\"height:2px;\"><span class=\"uvc-headings-line\" style=\"border-style:solid;border-bottom-width:2px;border-color:#ccc;width:autopx;\"><\/span><\/div><h3 class=\"widget-title\">Bourses d'\u00e9tudes 2017<\/h3><\/div><div class=\"ult-spacer spacer-6a0469e6b234d\" data-id=\"6a0469e6b234d\" data-height=\"45\" data-height-mobile=\"25\" data-height-tab=\"35\" data-height-tab-portrait=\"\" data-height-mobile-landscape=\"\" style=\"clear:both;display:block;\"><\/div><div id=\"ultimate-heading6a0469e6b23b2\" class=\"uvc-heading dfd-delim-top   cr-animate-gen heading-config-top dfd-disable-resposive-headings\" data-animate-type = \"transition.slideRightBigIn\"  data-hspacer=\"line_only\"  data-halign=\"left\" style=\"text-align:left\"><div class=\"uvc-heading-spacer line_only\" style=\"height:px;\"><span class=\"uvc-headings-line\" style=\"border-style:solid;border-bottom-width:px;border-color:#ccc;width:autopx;\"><\/span><\/div><h6 class=\"widget-title\">Bien s\u00fbr, nous sommes \u00e0 nouveau repr\u00e9sent\u00e9s \u00e0 un certain nombre de foires commerciales internationales aux Pays-Bas, la France et l'Angleterre.<\/h6><\/div><div class=\"ult-spacer spacer-6a0469e6b2401\" data-id=\"6a0469e6b2401\" data-height=\"45\" data-height-mobile=\"25\" data-height-tab=\"35\" data-height-tab-portrait=\"\" data-height-mobile-landscape=\"\" style=\"clear:both;display:block;\"><\/div>[\/vc_column][\/vc_row][vc_row][vc_column width=\u00a0\u00bb1\/6&Prime;][vc_single_image image=\u00a0\u00bb13212&Prime; img_size=\u00a0\u00bb460&#215;210&Prime; style=\u00a0\u00bbvc_box_shadow\u00a0\u00bb img_link_target=\u00a0\u00bb_blank\u00a0\u00bb onclick=\u00a0\u00bbcustom_link\u00a0\u00bb item_animation=\u00a0\u00bbtransition.fadeIn\u00a0\u00bb link=\u00a0\u00bbhttp:\/\/www.carpzwolle.nl\/home\u00a0\u00bb][\/vc_column][vc_column width=\u00a0\u00bb1\/6&Prime;][vc_single_image image=\u00a0\u00bb13228&Prime; img_size=\u00a0\u00bb260&#215;185&Prime; style=\u00a0\u00bbvc_box_shadow\u00a0\u00bb img_link_target=\u00a0\u00bb_blank\u00a0\u00bb css_animation=\u00a0\u00bbappear\u00a0\u00bb onclick=\u00a0\u00bbcustom_link\u00a0\u00bb item_animation=\u00a0\u00bbtransition.fadeIn\u00a0\u00bb][\/vc_column][vc_column width=\u00a0\u00bb1\/6&Prime;][vc_single_image image=\u00a0\u00bb13216&Prime; img_size=\u00a0\u00bb260&#215;185&Prime; style=\u00a0\u00bbvc_box_shadow\u00a0\u00bb img_link_target=\u00a0\u00bb_blank\u00a0\u00bb css_animation=\u00a0\u00bbappear\u00a0\u00bb onclick=\u00a0\u00bbcustom_link\u00a0\u00bb item_animation=\u00a0\u00bbtransition.fadeIn\u00a0\u00bb link=\u00a0\u00bbhttp:\/\/www.carpinon.co.uk\u00a0\u00bb][\/vc_column][vc_column width=\u00a0\u00bb1\/6&Prime;][vc_single_image image=\u00a0\u00bb13218&Prime; img_size=\u00a0\u00bb260&#215;185&Prime; style=\u00a0\u00bbvc_box_shadow\u00a0\u00bb img_link_target=\u00a0\u00bb_blank\u00a0\u00bb css_animation=\u00a0\u00bbappear\u00a0\u00bb onclick=\u00a0\u00bbcustom_link\u00a0\u00bb item_animation=\u00a0\u00bbtransition.fadeIn\u00a0\u00bb link=\u00a0\u00bbhttp:\/\/www.northernanglingshow.co.uk\/\u00a0\u00bb][\/vc_column][\/vc_row][vc_row][vc_column][\/vc_column][\/vc_row]<\/p>\n<\/div>","protected":false},"excerpt":{"rendered":"<p>[vc_row dfd_row_config=\u00a0\u00bbfull_width_content\u00a0\u00bb][vc_column][rev_slider_vc alias=\u00a0\u00bbhomepage5&Prime;][\/vc_column][\/vc_row][vc_row dfd_overlay_color=\u00a0\u00bb#e8e8e8&Prime; dfd_row_parallax=\u00a0\u00bbdfd-row-parallax\u00a0\u00bb bg_type=\u00a0\u00bbcanvas_animated\u00a0\u00bb css=\u00a0\u00bb.vc_custom_1637655739531{border-radius: 3px !important;}\u00a0\u00bb][vc_column][vc_cta h2=\u00a0\u00bbInformations importantes\u00a0\u00bb h2_font_container=\u00a0\u00bbtag:h4|text_align:left|color:%233d3d3d\u00a0\u00bb h2_google_fonts=\u00a0\u00bbfont_family:Alice%3Aregular|font_style:400%20regular%3A400%3Anormal\u00a0\u00bb shape=\u00a0\u00bbsquare\u00a0\u00bb style=\u00a0\u00bboutline\u00a0\u00bb color=\u00a0\u00bbwhite\u00a0\u00bb css_animation=\u00a0\u00bbbounceInDown\u00a0\u00bb use_custom_fonts_h2=\u00a0\u00bbtrue\u00a0\u00bb]D\u00e9sormais, tous les prix des ingr\u00e9dients seront affich\u00e9s hors TVA. Cela est n\u00e9cessaire<\/p>\n","protected":false},"author":2,"featured_media":0,"parent":0,"menu_order":0,"comment_status":"open","ping_status":"closed","template":"page-custom.php","meta":{"footnotes":""},"class_list":["post-12977","page","type-page","status-publish","hentry"],"_links":{"self":[{"href":"https:\/\/boiliedesign.com\/fr\/wp-json\/wp\/v2\/pages\/12977","targetHints":{"allow":["GET"]}}],"collection":[{"href":"https:\/\/boiliedesign.com\/fr\/wp-json\/wp\/v2\/pages"}],"about":[{"href":"https:\/\/boiliedesign.com\/fr\/wp-json\/wp\/v2\/types\/page"}],"author":[{"embeddable":true,"href":"https:\/\/boiliedesign.com\/fr\/wp-json\/wp\/v2\/users\/2"}],"replies":[{"embeddable":true,"href":"https:\/\/boiliedesign.com\/fr\/wp-json\/wp\/v2\/comments?post=12977"}],"version-history":[{"count":0,"href":"https:\/\/boiliedesign.com\/fr\/wp-json\/wp\/v2\/pages\/12977\/revisions"}],"wp:attachment":[{"href":"https:\/\/boiliedesign.com\/fr\/wp-json\/wp\/v2\/media?parent=12977"}],"curies":[{"name":"wp","href":"https:\/\/api.w.org\/{rel}","templated":true}]}}